{"id":834,"date":"2022-02-18T16:01:24","date_gmt":"2022-02-18T15:01:24","guid":{"rendered":"https:\/\/www.coaching-lourmarin.com\/?page_id=834"},"modified":"2022-02-18T19:04:56","modified_gmt":"2022-02-18T18:04:56","slug":"paarcoaching","status":"publish","type":"page","link":"https:\/\/www.coaching-lourmarin.com\/de\/paarcoaching\/","title":{"rendered":"Paar-coaching"},"content":{"rendered":"<div class=\"fusion-fullwidth fullwidth-box fusion-builder-row-1 fusion-flex-container nonhundred-percent-fullwidth non-hundred-percent-height-scrolling\" style=\"background-color: rgba(255,255,255,0);background-position: center center;background-repeat: no-repeat;border-width: 0px 0px 0px 0px;border-color:#e2e2e2;border-style:solid;\" ><div class=\"fusion-builder-row fusion-row fusion-flex-align-items-center fusion-flex-justify-content-center\" style=\"max-width:1216.8px;margin-left: calc(-4% \/ 2 );margin-right: calc(-4% \/ 2 );\"><div class=\"fusion-layout-column fusion_builder_column fusion-builder-column-0 fusion-flex-column fusion-flex-align-self-center\"><div class=\"fusion-column-wrapper fusion-flex-justify-content-center fusion-content-layout-column\" style=\"background-position:left top;background-repeat:no-repeat;-webkit-background-size:cover;-moz-background-size:cover;-o-background-size:cover;background-size:cover;padding: 0px 0px 0px 0px;\"><div class=\"fusion-text fusion-text-1\" style=\"font-size:22px;line-height:26px;color:#333;font-family:&quot;Lato&quot;;font-weight:700;\"><p>Paar-Coaching<\/p>\n<\/div><div class=\"fusion-text fusion-text-2\"><p>Haben Sie das Gef\u00fchl, dass Sie sich auseinandergelebt haben? Haben Sie beide noch das gleiche Bild Ihrer Beziehung? In der Hektik des Alltags kann es leicht passieren, dass man sich als Paar etwas verliert. Vielleicht hilft Ihnen eine kleine Auszeit mit Unterst\u00fctzung eines Coaches, um wieder zueinander zu finden.<\/p>\n<p>Ich biete Ihnen ein Paar-Coaching in der malerischen Umgebung des Luberon, eine der sch\u00f6nsten Ecken der Provence. Ein Teil des Tages ist f\u00fcr Coaching reserviert. Wir arbeiten an den Themen, die Sie als Paar besch\u00e4ftigen. Unter anderem einem Bilderabgleich: Wo sind wir? Haben wir uns irgendwo verloren und wenn ja, wo? Welche gemeinsamen Ziele haben wir? Was ist sch\u00f6n in unserer Beziehung, aber wo hakt es eventuell in der Kommunikation? Wie finden wir Wege, in der Zukunft besser miteinander zu kommunizieren?<\/p>\n<p>Den Rest des Tages haben Sie Zeit, um das Leben zu genie\u00dfen und als Paar sch\u00f6ne Dinge zu erleben. Ich stelle Ihnen feine Adressen zur Verf\u00fcgung und \u00fcbernehme gerne die Buchung f\u00fcr nette Restaurants, Wein- und Schlemmer-Ausfl\u00fcge oder \u00e4hnliches. Aber vielleicht m\u00f6chten Sie auch einfach durch die Weinberge spazieren und zusammen sein.<\/p>\n<\/div><\/div><style type=\"text\/css\">.fusion-body .fusion-builder-column-0{width:67% !important;margin-top : 65px;margin-bottom : 55px;}.fusion-builder-column-0 > .fusion-column-wrapper {padding-top : 0px !important;padding-right : 0px !important;margin-right : 2.865671641791%;padding-bottom : 0px !important;padding-left : 0px !important;margin-left : 2.865671641791%;}@media only screen and (max-width:768px) {.fusion-body .fusion-builder-column-0{width:67% !important;order : 0;}.fusion-builder-column-0 > .fusion-column-wrapper {margin-right : 2.865671641791%;margin-left : 2.865671641791%;}}@media only screen and (max-width:640px) {.fusion-body .fusion-builder-column-0{width:100% !important;order : 0;margin-top : 40px;}.fusion-builder-column-0 > .fusion-column-wrapper {margin-right : 1.92%;margin-left : 1.92%;}}<\/style><\/div><\/div><style type=\"text\/css\">.fusion-body .fusion-flex-container.fusion-builder-row-1{ padding-top : 0px;margin-top : 0px;padding-right : 0px;padding-bottom : 0px;margin-bottom : 0px;padding-left : 0px;}<\/style><\/div>\n","protected":false},"excerpt":{"rendered":"","protected":false},"author":1,"featured_media":0,"parent":0,"menu_order":0,"comment_status":"closed","ping_status":"closed","template":"100-width.php","meta":{"footnotes":""},"class_list":["post-834","page","type-page","status-publish","hentry"],"_links":{"self":[{"href":"https:\/\/www.coaching-lourmarin.com\/de\/wp-json\/wp\/v2\/pages\/834","targetHints":{"allow":["GET"]}}],"collection":[{"href":"https:\/\/www.coaching-lourmarin.com\/de\/wp-json\/wp\/v2\/pages"}],"about":[{"href":"https:\/\/www.coaching-lourmarin.com\/de\/wp-json\/wp\/v2\/types\/page"}],"author":[{"embeddable":true,"href":"https:\/\/www.coaching-lourmarin.com\/de\/wp-json\/wp\/v2\/users\/1"}],"replies":[{"embeddable":true,"href":"https:\/\/www.coaching-lourmarin.com\/de\/wp-json\/wp\/v2\/comments?post=834"}],"version-history":[{"count":10,"href":"https:\/\/www.coaching-lourmarin.com\/de\/wp-json\/wp\/v2\/pages\/834\/revisions"}],"predecessor-version":[{"id":957,"href":"https:\/\/www.coaching-lourmarin.com\/de\/wp-json\/wp\/v2\/pages\/834\/revisions\/957"}],"wp:attachment":[{"href":"https:\/\/www.coaching-lourmarin.com\/de\/wp-json\/wp\/v2\/media?parent=834"}],"curies":[{"name":"wp","href":"https:\/\/api.w.org\/{rel}","templated":true}]}}