{"id":850,"date":"2022-02-18T16:22:36","date_gmt":"2022-02-18T15:22:36","guid":{"rendered":"https:\/\/www.coaching-lourmarin.com\/?page_id=850"},"modified":"2022-02-18T19:04:13","modified_gmt":"2022-02-18T18:04:13","slug":"karriere-lebenscoaching","status":"publish","type":"page","link":"https:\/\/www.coaching-lourmarin.com\/de\/karriere-lebenscoaching\/","title":{"rendered":"KARRIERE- &#038; LEBENSCOACHING"},"content":{"rendered":"<div class=\"fusion-fullwidth fullwidth-box fusion-builder-row-1 fusion-flex-container nonhundred-percent-fullwidth non-hundred-percent-height-scrolling\" style=\"background-color: rgba(255,255,255,0);background-position: center center;background-repeat: no-repeat;border-width: 0px 0px 0px 0px;border-color:#e2e2e2;border-style:solid;\" ><div class=\"fusion-builder-row fusion-row fusion-flex-align-items-flex-start\" style=\"max-width:1216.8px;margin-left: calc(-4% \/ 2 );margin-right: calc(-4% \/ 2 );\"><div class=\"fusion-layout-column fusion_builder_column fusion-builder-column-0 fusion_builder_column_1_2 1_2 fusion-flex-column\"><div class=\"fusion-column-wrapper fusion-flex-justify-content-flex-start fusion-content-layout-column\" style=\"background-position:left top;background-repeat:no-repeat;-webkit-background-size:cover;-moz-background-size:cover;-o-background-size:cover;background-size:cover;padding: 0px 0px 0px 0px;\"><div class=\"fusion-text fusion-text-1\" style=\"font-size:22px;line-height:26px;color:#333;font-family:&quot;Lato&quot;;font-weight:700;\"><p>Coaching<\/p>\n<\/div><div class=\"fusion-text fusion-text-2\"><p>\u201eSuper Schule, top Ausbildung, Karriere. Mit Anfang\/Mitte 30 war ich da, wo man mir sagte, dass ich gl\u00fccklich sein sollte. Aber ich war nicht gl\u00fccklich. Wessen Leben lebe ich eigentlich und was ist mein Leben?\u201c<\/p>\n<p>\u201eBin ich eine Rabenmutter, wenn ich wieder arbeiten gehe und meinen Lebensinhalt nicht nur in meinen Kindern sehe? Kann meine Familie trotzdem gl\u00fccklich sein?\u201c<\/p>\n<p>\u201eIrgendwie bin ich nicht gl\u00fccklich in meinem Job. Was will ich eigentlich?\u201c<\/p>\n<p>Stellen Sie sich diese oder \u00e4hnliche Fragen? Oft helfen wenige Stunden Coaching, um Ordnung in die eigenen Gedanken zu bekommen und L\u00f6sungsans\u00e4tze zu entwickeln, mit denen Sie wieder handlungsf\u00e4hig werden.<\/p>\n<p>Ich biete Coaching in Bremen, Hamburg und Frankfurt an. Wenn Sie intensiver an sich arbeiten m\u00f6chten, sind Sie willkommen, eine Coaching-Reise in S\u00fcdfrankreich zu buchen.<\/p>\n<\/div><\/div><style type=\"text\/css\">.fusion-body .fusion-builder-column-0{width:50% !important;margin-top : 65px;margin-bottom : 55px;}.fusion-builder-column-0 > .fusion-column-wrapper {padding-top : 0px !important;padding-right : 0px !important;margin-right : 3.84%;padding-bottom : 0px !important;padding-left : 0px !important;margin-left : 3.84%;}@media only screen and (max-width:768px) {.fusion-body .fusion-builder-column-0{width:50% !important;order : 0;}.fusion-builder-column-0 > .fusion-column-wrapper {margin-right : 3.84%;margin-left : 3.84%;}}@media only screen and (max-width:640px) {.fusion-body .fusion-builder-column-0{width:100% !important;order : 0;margin-top : 40px;margin-bottom : 0px;}.fusion-builder-column-0 > .fusion-column-wrapper {margin-right : 1.92%;margin-left : 1.92%;}}<\/style><\/div><div class=\"fusion-layout-column fusion_builder_column fusion-builder-column-1 fusion_builder_column_1_2 1_2 fusion-flex-column fusion-flex-align-self-center\"><div class=\"fusion-column-wrapper fusion-flex-justify-content-center fusion-content-layout-column\" style=\"background-position:left top;background-repeat:no-repeat;-webkit-background-size:cover;-moz-background-size:cover;-o-background-size:cover;background-size:cover;padding: 0px 0px 0px 0px;\"><div class=\"fusion-text fusion-text-3\" style=\"font-size:22px;line-height:26px;color:#333;font-family:&quot;Lato&quot;;font-weight:700;\"><p>Block-Coaching<\/p>\n<\/div><div class=\"fusion-text fusion-text-4\"><p>Besch\u00e4ftigen Sie Fragen wie: Was ist der n\u00e4chste Schritt? Wie geht es weiter? Auf welche F\u00e4higkeiten und St\u00e4rken kann ich aufbauen? Was w\u00e4re die richtige Jobentscheidung? Eine kurze Auszeit zum Ordnen mit einem professionellen Coach w\u00e4re jetzt genau das Richtige f\u00fcr Sie.<\/p>\n<p>Ich biete Ihnen ein mehrt\u00e4giges Block-Coaching in S\u00fcdfrankreich: Ein Teil des Tages ist f\u00fcr l\u00e4ngere Coaching-Sitzungen reserviert, in denen wir an Ihrem Anliegen arbeiten. Die eingesetzten Methoden h\u00e4ngen von der Fragestellung ab. Es geht aber immer darum, einen L\u00f6sungsansatz zu entwickeln, der Ihnen dabei hilft, den n\u00e4chsten Schritt zu machen.<\/p>\n<p>Neben dem Coaching haben Sie die Chance, S\u00fcdfrankreich zu genie\u00dfen und einfach mal abzuschalten. Ich organisiere Ihnen gerne eine Unterkunft, ein Restaurant, eine Massage, eine Weinprobe oder wonach Ihnen gerade der Sinn steht. Aber vielleicht m\u00f6chten Sie auch nur durch die Weinberge spazieren, tats\u00e4chlich mal abschalten und \u201enichts tun\u201c. Es hat sich bew\u00e4hrt, sich aus dem Alltag zur\u00fcckzuziehen und konzentriert mit sich zu arbeiten, um eine Antwort auf wichtige Fragen des Lebens zu finden.<\/p>\n<p>Ich stelle Ihnen gerne ein Angebot zusammen f\u00fcr einen Coaching-Aufenthalt von 2 \u2013 4 Tagen. Ein Block-Coaching mit vier \u00dcbernachtungen im Bed &amp; Breakfast und vier Coachingsitzungen (insgesammt 12 Stunden) kostet 950\u20ac.<\/p>\n<p>Machen Sie den ersten Schritt. Alles andere kommt von selbst.<\/p>\n<\/div><\/div><style type=\"text\/css\">.fusion-body .fusion-builder-column-1{width:50% !important;margin-top : 65px;margin-bottom : 55px;}.fusion-builder-column-1 > .fusion-column-wrapper {padding-top : 0px !important;padding-right : 0px !important;margin-right : 3.84%;padding-bottom : 0px !important;padding-left : 0px !important;margin-left : 3.84%;}@media only screen and (max-width:768px) {.fusion-body .fusion-builder-column-1{width:50% !important;order : 0;}.fusion-builder-column-1 > .fusion-column-wrapper {margin-right : 3.84%;margin-left : 3.84%;}}@media only screen and (max-width:640px) {.fusion-body .fusion-builder-column-1{width:100% !important;order : 0;margin-top : 20px;}.fusion-builder-column-1 > .fusion-column-wrapper {margin-right : 1.92%;margin-left : 1.92%;}}<\/style><\/div><\/div><style type=\"text\/css\">.fusion-body .fusion-flex-container.fusion-builder-row-1{ padding-top : 0px;margin-top : 0px;padding-right : 0px;padding-bottom : 0px;margin-bottom : 0px;padding-left : 0px;}<\/style><\/div>\n","protected":false},"excerpt":{"rendered":"","protected":false},"author":1,"featured_media":0,"parent":0,"menu_order":0,"comment_status":"closed","ping_status":"closed","template":"100-width.php","meta":{"footnotes":""},"class_list":["post-850","page","type-page","status-publish","hentry"],"_links":{"self":[{"href":"https:\/\/www.coaching-lourmarin.com\/de\/wp-json\/wp\/v2\/pages\/850","targetHints":{"allow":["GET"]}}],"collection":[{"href":"https:\/\/www.coaching-lourmarin.com\/de\/wp-json\/wp\/v2\/pages"}],"about":[{"href":"https:\/\/www.coaching-lourmarin.com\/de\/wp-json\/wp\/v2\/types\/page"}],"author":[{"embeddable":true,"href":"https:\/\/www.coaching-lourmarin.com\/de\/wp-json\/wp\/v2\/users\/1"}],"replies":[{"embeddable":true,"href":"https:\/\/www.coaching-lourmarin.com\/de\/wp-json\/wp\/v2\/comments?post=850"}],"version-history":[{"count":7,"href":"https:\/\/www.coaching-lourmarin.com\/de\/wp-json\/wp\/v2\/pages\/850\/revisions"}],"predecessor-version":[{"id":956,"href":"https:\/\/www.coaching-lourmarin.com\/de\/wp-json\/wp\/v2\/pages\/850\/revisions\/956"}],"wp:attachment":[{"href":"https:\/\/www.coaching-lourmarin.com\/de\/wp-json\/wp\/v2\/media?parent=850"}],"curies":[{"name":"wp","href":"https:\/\/api.w.org\/{rel}","templated":true}]}}