{"id":856,"date":"2022-02-18T16:26:38","date_gmt":"2022-02-18T15:26:38","guid":{"rendered":"https:\/\/www.coaching-lourmarin.com\/?page_id=856"},"modified":"2022-02-18T19:06:04","modified_gmt":"2022-02-18T18:06:04","slug":"hypnose","status":"publish","type":"page","link":"https:\/\/www.coaching-lourmarin.com\/de\/hypnose\/","title":{"rendered":"HYPNOSE"},"content":{"rendered":"<div class=\"fusion-fullwidth fullwidth-box fusion-builder-row-1 fusion-flex-container nonhundred-percent-fullwidth non-hundred-percent-height-scrolling\" style=\"background-color: rgba(255,255,255,0);background-position: center center;background-repeat: no-repeat;border-width: 0px 0px 0px 0px;border-color:#e2e2e2;border-style:solid;\" ><div class=\"fusion-builder-row fusion-row fusion-flex-align-items-flex-start\" style=\"max-width:1216.8px;margin-left: calc(-4% \/ 2 );margin-right: calc(-4% \/ 2 );\"><div class=\"fusion-layout-column fusion_builder_column fusion-builder-column-0 fusion_builder_column_1_3 1_3 fusion-flex-column\"><div class=\"fusion-column-wrapper fusion-flex-justify-content-flex-start fusion-content-layout-column\" style=\"background-position:left top;background-repeat:no-repeat;-webkit-background-size:cover;-moz-background-size:cover;-o-background-size:cover;background-size:cover;padding: 0px 0px 0px 0px;\"><div class=\"fusion-text fusion-text-1\" style=\"font-size:22px;line-height:26px;color:#333;font-family:&quot;Lato&quot;;font-weight:700;\"><p><img decoding=\"async\" class=\"lazyload alignleft size-full wp-image-860\" src=\"https:\/\/www.coaching-lourmarin.com\/wp-content\/uploads\/2022\/02\/hypnose-ganslmayr1-1.jpg\" data-orig-src=\"https:\/\/www.coaching-lourmarin.com\/wp-content\/uploads\/2022\/02\/hypnose-ganslmayr1-1.jpg\" alt=\"Hypnose Coaching Lourmartin\" width=\"617\" height=\"940\" srcset=\"data:image\/svg+xml,%3Csvg%20xmlns%3D%27http%3A%2F%2Fwww.w3.org%2F2000%2Fsvg%27%20width%3D%27617%27%20height%3D%27940%27%20viewBox%3D%270%200%20617%20940%27%3E%3Crect%20width%3D%27617%27%20height%3D%27940%27%20fill-opacity%3D%220%22%2F%3E%3C%2Fsvg%3E\" data-srcset=\"https:\/\/www.coaching-lourmarin.com\/wp-content\/uploads\/2022\/02\/hypnose-ganslmayr1-1-197x300.jpg 197w, https:\/\/www.coaching-lourmarin.com\/wp-content\/uploads\/2022\/02\/hypnose-ganslmayr1-1-200x305.jpg 200w, https:\/\/www.coaching-lourmarin.com\/wp-content\/uploads\/2022\/02\/hypnose-ganslmayr1-1-400x609.jpg 400w, https:\/\/www.coaching-lourmarin.com\/wp-content\/uploads\/2022\/02\/hypnose-ganslmayr1-1-600x914.jpg 600w, https:\/\/www.coaching-lourmarin.com\/wp-content\/uploads\/2022\/02\/hypnose-ganslmayr1-1.jpg 617w\" data-sizes=\"auto\" data-orig-sizes=\"(max-width: 617px) 100vw, 617px\" \/><\/p>\n<\/div><\/div><style type=\"text\/css\">.fusion-body .fusion-builder-column-0{width:33.333333333333% !important;margin-top : 65px;margin-bottom : 55px;}.fusion-builder-column-0 > .fusion-column-wrapper {padding-top : 0px !important;padding-right : 0px !important;margin-right : 5.76%;padding-bottom : 0px !important;padding-left : 0px !important;margin-left : 5.76%;}@media only screen and (max-width:768px) {.fusion-body .fusion-builder-column-0{width:33.333333333333% !important;order : 1;}.fusion-builder-column-0 > .fusion-column-wrapper {margin-right : 5.76%;margin-left : 5.76%;}}@media only screen and (max-width:640px) {.fusion-body .fusion-builder-column-0{width:100% !important;order : 1;margin-top : 20px;}.fusion-builder-column-0 > .fusion-column-wrapper {margin-right : 1.92%;margin-left : 1.92%;}}<\/style><\/div><div class=\"fusion-layout-column fusion_builder_column fusion-builder-column-1 fusion_builder_column_2_3 2_3 fusion-flex-column fusion-flex-align-self-center\"><div class=\"fusion-column-wrapper fusion-flex-justify-content-center fusion-content-layout-column\" style=\"background-position:left top;background-repeat:no-repeat;-webkit-background-size:cover;-moz-background-size:cover;-o-background-size:cover;background-size:cover;padding: 0px 0px 0px 0px;\"><div class=\"fusion-text fusion-text-2\" style=\"font-size:22px;line-height:26px;color:#333;font-family:&quot;Lato&quot;;font-weight:700;\"><p>Hypnose<\/p>\n<\/div><div class=\"fusion-text fusion-text-3\"><p>Viele von uns kennen es: Wir haben gewisse Verhaltensweisen, von denen wir wissen, dass sie uns nicht gut tun. Trotzdem f\u00e4llt es uns schwer damit aufzuh\u00f6ren.<\/p>\n<p>Oder wir erleben Augenblicke, in denen wir uns immer wieder selbst im Weg stehen. Dazu geh\u00f6ren Situationen, die Pr\u00fcfungsangst oder Angst in engen R\u00e4umen ausl\u00f6sen. Irgendwas in unserem Verhalten ist so programmiert, dass Verhaltensmuster oder \u00c4ngste automatisch auftauchen und wir uns f\u00fchlen, als ob wir von ihnen gefangen sind.<\/p>\n<p>Dann gibt es noch diese Momente, in denen wir gerne besonders erfolgreich w\u00e4ren oder wir uns Ziele setzen wollen, welche uns motivieren und helfen, besonders erfolgreich zu sein. Das k\u00f6nnen Herausforderungen wie sportliche Ereignisse oder Pr\u00fcfungen sein.<\/p>\n<p>Hypnose ist eine effektive Methode, um an all diesen Punkten zu arbeiten, L\u00f6sungen zu entwickeln und positiv in die Zukunft zu schauen. Hypnose bietet die M\u00f6glichkeit mit dem Unterbewusstsein der Menschen zu arbeiten und einen Zugang zu ihren Selbstheilungskr\u00e4ften zu erm\u00f6glichen und damit direkt an der Wurzel des Problems anzusetzen.<\/p>\n<p><strong>Wie funktioniert Hypnose?<\/strong><\/p>\n<p>Ich arbeite mit zwei Formen der Hypnose:<\/p>\n<ul>\n<li>Die suggestive Hypnose ist eine Methode, die sich besonders bei Themen wie Rauchentw\u00f6hnung anbietet.<\/li>\n<li>Die aufl\u00f6sende Hypnose eignet sich hingegen besonders daf\u00fcr, mit \u00c4ngsten und Gef\u00fchlen zu arbeiten.<\/li>\n<\/ul>\n<p>Anders als viele Leute denken, ist Hypnose ein Verfahren bei dem man wach ist. Sie sind w\u00e4hrend der Hypnose in der Lage mit mir zu reden und auf meine Fragen zu antworten. Es ist nicht so, dass Sie bewusstlos oder in einer Parallelwelt sind. Sie sind w\u00e4hrend der gesamten Behandlung aktiv dabei und bestimmen selber was passiert. Und das ist sehr wichtig, denn es geht ja um Sie. Man kann es auch so beschreiben, dass bei der Hypnose lediglich das, oft sehr dominante, Bewusstsein \u201ezur Seite\u201c ger\u00e4umt wird, um mit den wirklich elementaren Dingen zu arbeiten.<\/p>\n<p>Der Erfolg der Hypnose h\u00e4ngt also zu einem gro\u00dfen Teil von Ihnen ab. Daher ist es wichtig, dass Sie neben einer gesunden Eigenmotivation ein wenig Geduld mitbringen. Auch wenn ich meinen Klienten in vielen F\u00e4llen mit der Hypnose schon innerhalb von wenigen Sitzungen zum Erfolg verhelfen kann, erreichen Sie die besten Resultate, wenn Sie sich etwas Zeit f\u00fcr eine pers\u00f6nliche Entwicklung g\u00f6nnen. Dies senkt den Erfolgsdruck und bewirkt das f\u00fcr die Hypnose so wichtige Geschehenlassen.<\/p>\n<\/div><\/div><style type=\"text\/css\">.fusion-body .fusion-builder-column-1{width:66.666666666667% !important;margin-top : 65px;margin-bottom : 55px;}.fusion-builder-column-1 > .fusion-column-wrapper {padding-top : 0px !important;padding-right : 0px !important;margin-right : 2.88%;padding-bottom : 0px !important;padding-left : 0px !important;margin-left : 2.88%;}@media only screen and (max-width:768px) {.fusion-body .fusion-builder-column-1{width:66.666666666667% !important;order : 0;}.fusion-builder-column-1 > .fusion-column-wrapper {margin-right : 2.88%;margin-left : 2.88%;}}@media only screen and (max-width:640px) {.fusion-body .fusion-builder-column-1{width:100% !important;order : 0;margin-top : 40px;}.fusion-builder-column-1 > .fusion-column-wrapper {margin-right : 1.92%;margin-left : 1.92%;}}<\/style><\/div><\/div><style type=\"text\/css\">.fusion-body .fusion-flex-container.fusion-builder-row-1{ padding-top : 0px;margin-top : 0px;padding-right : 0px;padding-bottom : 0px;margin-bottom : 0px;padding-left : 0px;}<\/style><\/div>\n","protected":false},"excerpt":{"rendered":"","protected":false},"author":1,"featured_media":0,"parent":0,"menu_order":0,"comment_status":"closed","ping_status":"closed","template":"","meta":{"footnotes":""},"class_list":["post-856","page","type-page","status-publish","hentry"],"_links":{"self":[{"href":"https:\/\/www.coaching-lourmarin.com\/de\/wp-json\/wp\/v2\/pages\/856","targetHints":{"allow":["GET"]}}],"collection":[{"href":"https:\/\/www.coaching-lourmarin.com\/de\/wp-json\/wp\/v2\/pages"}],"about":[{"href":"https:\/\/www.coaching-lourmarin.com\/de\/wp-json\/wp\/v2\/types\/page"}],"author":[{"embeddable":true,"href":"https:\/\/www.coaching-lourmarin.com\/de\/wp-json\/wp\/v2\/users\/1"}],"replies":[{"embeddable":true,"href":"https:\/\/www.coaching-lourmarin.com\/de\/wp-json\/wp\/v2\/comments?post=856"}],"version-history":[{"count":6,"href":"https:\/\/www.coaching-lourmarin.com\/de\/wp-json\/wp\/v2\/pages\/856\/revisions"}],"predecessor-version":[{"id":958,"href":"https:\/\/www.coaching-lourmarin.com\/de\/wp-json\/wp\/v2\/pages\/856\/revisions\/958"}],"wp:attachment":[{"href":"https:\/\/www.coaching-lourmarin.com\/de\/wp-json\/wp\/v2\/media?parent=856"}],"curies":[{"name":"wp","href":"https:\/\/api.w.org\/{rel}","templated":true}]}}