{"id":875,"date":"2022-02-18T16:44:05","date_gmt":"2022-02-18T15:44:05","guid":{"rendered":"https:\/\/www.coaching-lourmarin.com\/?page_id=875"},"modified":"2022-02-19T11:22:54","modified_gmt":"2022-02-19T10:22:54","slug":"ueber-mich","status":"publish","type":"page","link":"https:\/\/www.coaching-lourmarin.com\/de\/ueber-mich\/","title":{"rendered":"\u00dcBER MICH"},"content":{"rendered":"<p><div class=\"fusion-fullwidth fullwidth-box fusion-builder-row-1 fusion-flex-container nonhundred-percent-fullwidth non-hundred-percent-height-scrolling\" style=\"background-color: rgba(255,255,255,0);background-position: center center;background-repeat: no-repeat;border-width: 0px 0px 0px 0px;border-color:#e2e2e2;border-style:solid;\" ><div class=\"fusion-builder-row fusion-row fusion-flex-align-items-flex-start\" style=\"max-width:1216.8px;margin-left: calc(-4% \/ 2 );margin-right: calc(-4% \/ 2 );\"><div class=\"fusion-layout-column fusion_builder_column fusion-builder-column-0 fusion_builder_column_1_3 1_3 fusion-flex-column\"><div class=\"fusion-column-wrapper fusion-flex-justify-content-flex-start fusion-content-layout-column\" style=\"background-position:left top;background-repeat:no-repeat;-webkit-background-size:cover;-moz-background-size:cover;-o-background-size:cover;background-size:cover;padding: 0px 0px 0px 0px;\"><div class=\"fusion-text fusion-text-1\" style=\"font-size:22px;line-height:26px;color:#333;font-family:&quot;Lato&quot;;font-weight:700;\"><p><img decoding=\"async\" class=\"lazyload alignleft size-full wp-image-876\" src=\"https:\/\/www.coaching-lourmarin.com\/wp-content\/uploads\/2022\/02\/thomas-ganslmayr-buchholz-1.jpg\" data-orig-src=\"https:\/\/www.coaching-lourmarin.com\/wp-content\/uploads\/2022\/02\/thomas-ganslmayr-buchholz-1.jpg\" alt=\"\" width=\"626\" height=\"940\" srcset=\"data:image\/svg+xml,%3Csvg%20xmlns%3D%27http%3A%2F%2Fwww.w3.org%2F2000%2Fsvg%27%20width%3D%27626%27%20height%3D%27940%27%20viewBox%3D%270%200%20626%20940%27%3E%3Crect%20width%3D%27626%27%20height%3D%27940%27%20fill-opacity%3D%220%22%2F%3E%3C%2Fsvg%3E\" data-srcset=\"https:\/\/www.coaching-lourmarin.com\/wp-content\/uploads\/2022\/02\/thomas-ganslmayr-buchholz-1-200x300.jpg 200w, https:\/\/www.coaching-lourmarin.com\/wp-content\/uploads\/2022\/02\/thomas-ganslmayr-buchholz-1-400x601.jpg 400w, https:\/\/www.coaching-lourmarin.com\/wp-content\/uploads\/2022\/02\/thomas-ganslmayr-buchholz-1-600x901.jpg 600w, https:\/\/www.coaching-lourmarin.com\/wp-content\/uploads\/2022\/02\/thomas-ganslmayr-buchholz-1.jpg 626w\" data-sizes=\"auto\" data-orig-sizes=\"(max-width: 626px) 100vw, 626px\" \/><\/p>\n<\/div><\/div><style type=\"text\/css\">.fusion-body .fusion-builder-column-0{width:33.333333333333% !important;margin-top : 65px;margin-bottom : 55px;}.fusion-builder-column-0 > .fusion-column-wrapper {padding-top : 0px !important;padding-right : 0px !important;margin-right : 5.76%;padding-bottom : 0px !important;padding-left : 0px !important;margin-left : 5.76%;}@media only screen and (max-width:768px) {.fusion-body .fusion-builder-column-0{width:33.333333333333% !important;order : 1;}.fusion-builder-column-0 > .fusion-column-wrapper {margin-right : 5.76%;margin-left : 5.76%;}}@media only screen and (max-width:640px) {.fusion-body .fusion-builder-column-0{width:100% !important;order : 1;margin-top : 0px;}.fusion-builder-column-0 > .fusion-column-wrapper {margin-right : 1.92%;margin-left : 1.92%;}}<\/style><\/div><div class=\"fusion-layout-column fusion_builder_column fusion-builder-column-1 fusion_builder_column_2_3 2_3 fusion-flex-column\"><div class=\"fusion-column-wrapper fusion-flex-justify-content-flex-start fusion-content-layout-column\" style=\"background-position:left top;background-repeat:no-repeat;-webkit-background-size:cover;-moz-background-size:cover;-o-background-size:cover;background-size:cover;padding: 0px 0px 0px 0px;\"><div class=\"fusion-text fusion-text-2\" style=\"font-size:22px;line-height:26px;color:#333;font-family:&quot;Lato&quot;;font-weight:700;\"><p>THOMAS GANSLMAYR<\/p>\n<\/div><div class=\"fusion-text fusion-text-3\"><p>Trotz gut laufender Karriere einen Neustart wagen? Mit Mitte 30? Auch ich befand mich vor einigen Jahren an diesem Punkt.<\/p>\n<p>Ende 2009 war ich Single und mein Leben bestand im Wesentlichen aus Arbeit. Stationen meines Berufslebens waren unter anderem die UNO in Kopenhagen, internationale Beratung im Fischbereich, die Vietnamesische Handelskammer im S\u00fcdvietnamesischen Can Tho und das DAX30-Unternehmen Metro AG \u2013 f\u00fcr das ich in \u00fcber 15 L\u00e4ndern trainiert und gecoacht habe. Ich reiste viel und verdiente gutes Geld.<\/p>\n<p>Von au\u00dfen Betrachtet war ich erfolgreich und h\u00e4tte eigentlich gl\u00fccklich sein sollen. Ich war es aber nicht. Als ich 2009 meine heutige Frau kennenlernte, entschied ich zu k\u00fcndigen und wir sind f\u00fcr sechs Monate um die Welt gereist.<\/p>\n<p>Diese Auszeit hat mir dabei geholfen, mein Leben neu zu ordnen. Ich habe einige meiner beruflichen und pers\u00f6nlichen Tr\u00e4ume verwirklicht und mich als Coach, Stress- und Entspannungstrainer weitergebildet. Heute bin ich selbstst\u00e4ndiger Coach und Trainer. Ich unterst\u00fctze Menschen bei pers\u00f6nlichen und beruflichen Ver\u00e4nderungen. Die Frage: \u201eUnd was jetzt?\u201c, kenne ich nur zu gut aus meinem eigenen, von Ver\u00e4nderung gepr\u00e4gtem Leben. Ich bin verheiratet, Vater von zwei kleinen S\u00f6hnen und lebe in Bremen und S\u00fcdfrankreich.<\/p>\n<p><strong>Zum Weiterlesen auf spiegel.de:<\/strong><br \/>\n<a href=\"http:\/\/www.spiegel.de\/karriere\/berufsleben\/kuendigung-die-folgen-von-entlassungen-a-857312.html\" target=\"_blank\" rel=\"noopener\">\u201eMeine Familie und die Weltreise waren mir wichtiger als mein Job\u201c<\/a><\/p>\n<\/div><\/div><style type=\"text\/css\">.fusion-body .fusion-builder-column-1{width:66.666666666667% !important;margin-top : 65px;margin-bottom : 55px;}.fusion-builder-column-1 > .fusion-column-wrapper {padding-top : 0px !important;padding-right : 0px !important;margin-right : 2.88%;padding-bottom : 0px !important;padding-left : 0px !important;margin-left : 2.88%;}@media only screen and (max-width:768px) {.fusion-body .fusion-builder-column-1{width:66.666666666667% !important;order : 0;}.fusion-builder-column-1 > .fusion-column-wrapper {margin-right : 2.88%;margin-left : 2.88%;}}@media only screen and (max-width:640px) {.fusion-body .fusion-builder-column-1{width:100% !important;order : 0;margin-top : 40px;margin-bottom : 0px;}.fusion-builder-column-1 > .fusion-column-wrapper {margin-right : 1.92%;margin-left : 1.92%;}}<\/style><\/div><\/div><style type=\"text\/css\">.fusion-body .fusion-flex-container.fusion-builder-row-1{ padding-top : 0px;margin-top : 0px;padding-right : 0px;padding-bottom : 0px;margin-bottom : 0px;padding-left : 0px;}<\/style><\/div><div class=\"fusion-fullwidth fullwidth-box fusion-builder-row-2 fusion-flex-container nonhundred-percent-fullwidth non-hundred-percent-height-scrolling\" style=\"background-color: #ebe7e4;background-position: center center;background-repeat: no-repeat;border-width: 0px 0px 0px 0px;border-color:#e2e2e2;border-style:solid;\" ><div class=\"fusion-builder-row fusion-row fusion-flex-align-items-center\" style=\"max-width:1216.8px;margin-left: calc(-4% \/ 2 );margin-right: calc(-4% \/ 2 );\"><div class=\"fusion-layout-column fusion_builder_column fusion-builder-column-2 fusion_builder_column_2_5 2_5 fusion-flex-column fusion-flex-align-self-center\"><div class=\"fusion-column-wrapper fusion-flex-justify-content-center fusion-content-layout-column\" style=\"background-position:left top;background-repeat:no-repeat;-webkit-background-size:cover;-moz-background-size:cover;-o-background-size:cover;background-size:cover;padding: 0px 0px 0px 0px;\"><style type=\"text\/css\">.fusion-accordian  #accordion-875-1 .panel-title a .fa-fusion-box{ color: #ffffff;}.fusion-accordian  #accordion-875-1 .panel-title a .fa-fusion-box:before{ font-size: 16px; width: 16px;}.fusion-accordian  #accordion-875-1 .panel-title a{font-size:16px;}.fusion-accordian  #accordion-875-1 .fa-fusion-box { background-color: #847264;border-color: #847264;}.fusion-accordian  #accordion-875-1 .panel-title a:hover, #accordion-875-1 .fusion-toggle-boxed-mode:hover .panel-title a { color: #65bc7b;}.fusion-accordian  #accordion-875-1 .panel-title .active .fa-fusion-box,.fusion-accordian  #accordion-875-1 .panel-title a:hover .fa-fusion-box { background-color: #65bc7b!important;border-color: #65bc7b!important;}<\/style><div class=\"accordian fusion-accordian\"><div class=\"panel-group\" id=\"accordion-875-1\"><div class=\"fusion-panel panel-default\"><div class=\"panel-heading\"><h4 class=\"panel-title toggle\"><a aria-expanded=\"false\" aria-controls=\"8de675facdd77d05a\" role=\"button\" data-toggle=\"collapse\" data-target=\"#8de675facdd77d05a\" href=\"#8de675facdd77d05a\"><span class=\"fusion-toggle-icon-wrapper\" aria-hidden=\"true\"><i class=\"fa-fusion-box\" aria-hidden=\"true\"><\/i><\/span><span class=\"fusion-toggle-heading\">AUS- UND FORTBILDUNGEN<\/span><\/a><\/h4><\/div><div id=\"8de675facdd77d05a\" class=\"panel-collapse collapse \"><div class=\"panel-body toggle-content fusion-clearfix\">\n<ul>\n<li>Profile Dynamics<\/li>\n<li>Triadische Karriereberatung<\/li>\n<li>Hypnose<\/li>\n<li>MBTI I &amp; II (Pers\u00f6nlichkeitstest)<\/li>\n<li>Familienaufstellung<\/li>\n<li>Stresstrainer<\/li>\n<li>Autogenes Training<\/li>\n<li>Progressive Muskelentspannung<\/li>\n<li>Reiki I und II Grad<\/li>\n<li>Lebenscoaching<\/li>\n<li>Szenisches Rollenspiel im Coaching<\/li>\n<li>Change Management<\/li>\n<li>Systemische Supervision \/ Coaching<\/li>\n<li>Organisationsentwicklung<\/li>\n<li>Diplom in Geographie, VWL und Ethnologie (FU Berlin)<\/li>\n<\/ul>\n<\/div><\/div><\/div><\/div><\/div><\/div><style type=\"text\/css\">.fusion-body .fusion-builder-column-2{width:40% !important;margin-top : 50px;margin-bottom : 50px;}.fusion-builder-column-2 > .fusion-column-wrapper {padding-top : 0px !important;padding-right : 0px !important;margin-right : 4.8%;padding-bottom : 0px !important;padding-left : 0px !important;margin-left : 4.8%;}@media only screen and (max-width:768px) {.fusion-body .fusion-builder-column-2{width:40% !important;order : 0;}.fusion-builder-column-2 > .fusion-column-wrapper {margin-right : 4.8%;margin-left : 4.8%;}}@media only screen and (max-width:640px) {.fusion-body .fusion-builder-column-2{width:100% !important;order : 0;}.fusion-builder-column-2 > .fusion-column-wrapper {margin-right : 1.92%;margin-left : 1.92%;}}<\/style><\/div><\/div><style type=\"text\/css\">.fusion-body .fusion-flex-container.fusion-builder-row-2{ padding-top : 0px;margin-top : 0px;padding-right : 0px;padding-bottom : 0px;margin-bottom : 60px;padding-left : 0px;}@media only screen and (max-width:640px) {.fusion-body .fusion-flex-container.fusion-builder-row-2{ margin-bottom : 0px;}}<\/style><\/div><div class=\"fusion-fullwidth fullwidth-box fusion-builder-row-3 fusion-flex-container nonhundred-percent-fullwidth non-hundred-percent-height-scrolling\" style=\"background-color: #d1cec7;background-position: center center;background-repeat: no-repeat;border-width: 0px 0px 0px 0px;border-color:#e2e2e2;border-style:solid;\" ><div class=\"fusion-builder-row fusion-row fusion-flex-align-items-center\" style=\"max-width:1216.8px;margin-left: calc(-4% \/ 2 );margin-right: calc(-4% \/ 2 );\"><div class=\"fusion-layout-column fusion_builder_column fusion-builder-column-3 fusion_builder_column_1_1 1_1 fusion-flex-column fusion-flex-align-self-center\"><div class=\"fusion-column-wrapper fusion-flex-justify-content-center fusion-content-layout-column\" style=\"background-position:left top;background-repeat:no-repeat;-webkit-background-size:cover;-moz-background-size:cover;-o-background-size:cover;background-size:cover;padding: 0px 0px 0px 0px;\"><div class=\"fusion-text fusion-text-4\" style=\"text-align:left;font-size:14px;line-height:22px;font-family:&quot;Lato&quot;;font-weight:300;\"><h4>F\u00dcR UNTERNEHMEN<\/h4>\n<p>Sie ben\u00f6tigen meine Erfahrungen und Qualifikationen, um Aufgabenstellungen in Ihrem Unternehmen zu l\u00f6sen? Konfliktmanagement, Ver\u00e4nderungsmanagement, interkulturelle Kommunikation, Anti-Stress-Coaching und Teamentwicklung f\u00fchre ich auch gerne in Ihrem Betrieb durch. Schauen Sie hierzu doch mal auf meine Internetseite f\u00fcr Unternehmen.<br \/>\n\u00bb <a href=\"https:\/\/ganslmayr.com\">www.ganslmayr.com<\/a><\/p>\n<\/div><\/div><style type=\"text\/css\">.fusion-body .fusion-builder-column-3{width:100% !important;margin-top : 50px;margin-bottom : 30px;}.fusion-builder-column-3 > .fusion-column-wrapper {padding-top : 0px !important;padding-right : 0px !important;margin-right : 1.92%;padding-bottom : 0px !important;padding-left : 0px !important;margin-left : 1.92%;}@media only screen and (max-width:768px) {.fusion-body .fusion-builder-column-3{width:100% !important;order : 0;}.fusion-builder-column-3 > .fusion-column-wrapper {margin-right : 1.92%;margin-left : 1.92%;}}@media only screen and (max-width:640px) {.fusion-body .fusion-builder-column-3{width:100% !important;order : 0;}.fusion-builder-column-3 > .fusion-column-wrapper {margin-right : 1.92%;margin-left : 1.92%;}}<\/style><\/div><\/div><style type=\"text\/css\">.fusion-body .fusion-flex-container.fusion-builder-row-3{ padding-top : 0px;margin-top : 0px;padding-right : 0px;padding-bottom : 0px;margin-bottom : 0px;padding-left : 0px;}<\/style><\/div><\/p>\n","protected":false},"excerpt":{"rendered":"","protected":false},"author":1,"featured_media":0,"parent":0,"menu_order":0,"comment_status":"closed","ping_status":"closed","template":"100-width.php","meta":{"footnotes":""},"class_list":["post-875","page","type-page","status-publish","hentry"],"_links":{"self":[{"href":"https:\/\/www.coaching-lourmarin.com\/de\/wp-json\/wp\/v2\/pages\/875","targetHints":{"allow":["GET"]}}],"collection":[{"href":"https:\/\/www.coaching-lourmarin.com\/de\/wp-json\/wp\/v2\/pages"}],"about":[{"href":"https:\/\/www.coaching-lourmarin.com\/de\/wp-json\/wp\/v2\/types\/page"}],"author":[{"embeddable":true,"href":"https:\/\/www.coaching-lourmarin.com\/de\/wp-json\/wp\/v2\/users\/1"}],"replies":[{"embeddable":true,"href":"https:\/\/www.coaching-lourmarin.com\/de\/wp-json\/wp\/v2\/comments?post=875"}],"version-history":[{"count":10,"href":"https:\/\/www.coaching-lourmarin.com\/de\/wp-json\/wp\/v2\/pages\/875\/revisions"}],"predecessor-version":[{"id":980,"href":"https:\/\/www.coaching-lourmarin.com\/de\/wp-json\/wp\/v2\/pages\/875\/revisions\/980"}],"wp:attachment":[{"href":"https:\/\/www.coaching-lourmarin.com\/de\/wp-json\/wp\/v2\/media?parent=875"}],"curies":[{"name":"wp","href":"https:\/\/api.w.org\/{rel}","templated":true}]}}