{"id":884,"date":"2022-02-18T16:54:29","date_gmt":"2022-02-18T15:54:29","guid":{"rendered":"https:\/\/www.coaching-lourmarin.com\/?page_id=884"},"modified":"2022-02-21T00:55:51","modified_gmt":"2022-02-20T23:55:51","slug":"seminare-reisen","status":"publish","type":"page","link":"https:\/\/www.coaching-lourmarin.com\/de\/seminare-reisen\/","title":{"rendered":"SEMINARE &#038; REISEN"},"content":{"rendered":"<p><div class=\"fusion-fullwidth fullwidth-box fusion-builder-row-1 fusion-flex-container nonhundred-percent-fullwidth non-hundred-percent-height-scrolling\" style=\"background-color: rgba(255,255,255,0);background-position: center center;background-repeat: no-repeat;border-width: 0px 0px 0px 0px;border-color:#e2e2e2;border-style:solid;\" ><div class=\"fusion-builder-row fusion-row fusion-flex-align-items-flex-start fusion-flex-justify-content-center\" style=\"max-width:1216.8px;margin-left: calc(-4% \/ 2 );margin-right: calc(-4% \/ 2 );\"><div class=\"fusion-layout-column fusion_builder_column fusion-builder-column-0 fusion_builder_column_1_3 1_3 fusion-flex-column seminarkasten\"><div class=\"fusion-column-wrapper fusion-flex-justify-content-flex-start fusion-content-layout-column\" style=\"background-position:center top;background-repeat:no-repeat;-webkit-background-size:cover;-moz-background-size:cover;-o-background-size:cover;background-size:cover;border-width: 1px 1px 1px 1px;border-color:#bbbbbb;border-style:solid;padding: 0px 0px 0px 0px;\"><div class=\"fusion-text fusion-text-1\" style=\"text-align:center;font-size:30px;line-height:30px;font-family:&quot;Lato&quot;;font-weight:300;\"><p><img decoding=\"async\" class=\"lazyload size-full wp-image-891 aligncenter\" src=\"https:\/\/www.coaching-lourmarin.com\/wp-content\/uploads\/2022\/02\/bali_sr-1.png\" data-orig-src=\"https:\/\/www.coaching-lourmarin.com\/wp-content\/uploads\/2022\/02\/bali_sr-1.png\" alt=\"Coaching auf Bali\" width=\"284\" height=\"77\" srcset=\"data:image\/svg+xml,%3Csvg%20xmlns%3D%27http%3A%2F%2Fwww.w3.org%2F2000%2Fsvg%27%20width%3D%27284%27%20height%3D%2777%27%20viewBox%3D%270%200%20284%2077%27%3E%3Crect%20width%3D%27284%27%20height%3D%2777%27%20fill-opacity%3D%220%22%2F%3E%3C%2Fsvg%3E\" data-srcset=\"https:\/\/www.coaching-lourmarin.com\/wp-content\/uploads\/2022\/02\/bali_sr-1-200x54.png 200w, https:\/\/www.coaching-lourmarin.com\/wp-content\/uploads\/2022\/02\/bali_sr-1.png 284w\" data-sizes=\"auto\" data-orig-sizes=\"(max-width: 284px) 100vw, 284px\" \/><\/p>\n<\/div><div class=\"fusion-text fusion-text-2\" style=\"font-size:18px;line-height:24px;font-family:&quot;Lato&quot;;font-weight:700;\"><p style=\"text-align: center;\">St\u00e4rke Deine St\u00e4rken f\u00fcr ein selbstbestimmtes Leben<\/p>\n<\/div><div class=\"fusion-text fusion-text-3 bali\" style=\"line-height:22px;font-family:&quot;Lato&quot;;font-weight:400;\"><p style=\"text-align: center;\">Um unseren Alltag zu meistern, bleibt uns oft wenig Zeit und Mu\u00dfe einmal einen Blick auf uns selbst zu werfen und unsere St\u00e4rken und Ressourcen zu erkennen. St\u00e4rken, die uns bei unserer pers\u00f6nlichen Entwicklung helfen und uns bei wichtigen Ver\u00e4nderungen und Entscheidungen im Leben tragen.<\/p>\n<p style=\"text-align: center;\">Wo stehe ich in meinem Leben? Wo will ich hin? Und was hindert mich daran, meine Ziele und Tr\u00e4ume in die Realit\u00e4t zu bringen? Lassen Sie sich vom Zauber Balis inspirieren und uns gemeinsam aufbrechen zu neuen Ufern.<\/p>\n<p style=\"text-align: center;\">Im Seminar arbeiten wir an Ihren pers\u00f6nlichen St\u00e4rken und Ressourcen, die Ihnen dabei helfen, die richtigen Antworten auf die gro\u00dfen Fragen des Lebens zu finden.<\/p>\n<\/div><div class=\"fusion-text fusion-text-4 fusion-text-no-margin\" style=\"font-family:&quot;Lato&quot;;font-weight:700;margin-top:15px;margin-bottom:15px;\"><p style=\"text-align: center;\">N\u00e4chster Termin: Februar 2017<br \/>\n\u00dcbernachtungen: 7 N\u00e4chte<br \/>\nPreis: ab 1.500 \u20ac (ohne Flug)<\/p>\n<\/div><div class=\"fusion-text fusion-text-5 fusion-text-no-margin buttonbali\" style=\"font-family:&quot;Lato&quot;;font-weight:700;margin-top:15px;margin-bottom:15px;\"><div class=\"fusion-aligncenter\"><style>.fusion-button.button-1{border-radius:4px 4px 4px 4px;font-family:\"Lato\";font-weight:700;}.fusion-button.button-1 .fusion-button-text{text-transform:uppercase;}<\/style><a class=\"fusion-button button-flat button-medium button-default button-1 fusion-button-default-span \" target=\"_blank\" rel=\"noopener noreferrer\" href=\"http:\/\/stress-und-dann.de\/kontakt\/\"><span class=\"fusion-button-text\">Reisekonditionen anfordern<\/span><\/a><\/div>\n<\/div><\/div><style type=\"text\/css\">.fusion-body .fusion-builder-column-0{width:33.333333333333% !important;margin-top : 80px;margin-bottom : 80px;}.fusion-builder-column-0 > .fusion-column-wrapper {padding-top : 0px !important;padding-right : 0px !important;margin-right : 5.76%;padding-bottom : 0px !important;padding-left : 0px !important;margin-left : 5.76%;}@media only screen and (max-width:768px) {.fusion-body .fusion-builder-column-0{width:33.333333333333% !important;order : 0;}.fusion-builder-column-0 > .fusion-column-wrapper {margin-right : 5.76%;margin-left : 5.76%;}}@media only screen and (max-width:640px) {.fusion-body .fusion-builder-column-0{width:100% !important;order : 0;margin-top : 40px;margin-bottom : 20px;}.fusion-builder-column-0 > .fusion-column-wrapper {margin-right : 1.92%;margin-left : 1.92%;}}<\/style><\/div><div class=\"fusion-layout-column fusion_builder_column fusion-builder-column-1 fusion_builder_column_1_3 1_3 fusion-flex-column seminarkasten\"><div class=\"fusion-column-wrapper fusion-flex-justify-content-flex-start fusion-content-layout-column\" style=\"background-position:center top;background-repeat:no-repeat;-webkit-background-size:cover;-moz-background-size:cover;-o-background-size:cover;background-size:cover;border-width: 1px 1px 1px 1px;border-color:#bbbbbb;border-style:solid;padding: 0px 0px 0px 0px;\"><div class=\"fusion-text fusion-text-6\" style=\"text-align:center;font-size:30px;line-height:30px;font-family:&quot;Lato&quot;;font-weight:300;\"><p><img decoding=\"async\" class=\"lazyload aligncenter size-full wp-image-897\" src=\"https:\/\/www.coaching-lourmarin.com\/wp-content\/uploads\/2022\/02\/prov_sr-1.png\" data-orig-src=\"https:\/\/www.coaching-lourmarin.com\/wp-content\/uploads\/2022\/02\/prov_sr-1.png\" alt=\"Coaching in der Provence\" width=\"284\" height=\"77\" srcset=\"data:image\/svg+xml,%3Csvg%20xmlns%3D%27http%3A%2F%2Fwww.w3.org%2F2000%2Fsvg%27%20width%3D%27284%27%20height%3D%2777%27%20viewBox%3D%270%200%20284%2077%27%3E%3Crect%20width%3D%27284%27%20height%3D%2777%27%20fill-opacity%3D%220%22%2F%3E%3C%2Fsvg%3E\" data-srcset=\"https:\/\/www.coaching-lourmarin.com\/wp-content\/uploads\/2022\/02\/prov_sr-1-200x54.png 200w, https:\/\/www.coaching-lourmarin.com\/wp-content\/uploads\/2022\/02\/prov_sr-1.png 284w\" data-sizes=\"auto\" data-orig-sizes=\"(max-width: 284px) 100vw, 284px\" \/><\/p>\n<\/div><div class=\"fusion-text fusion-text-7\" style=\"font-size:18px;line-height:24px;font-family:&quot;Lato&quot;;font-weight:700;\"><p style=\"text-align: center;\">Stresspr\u00e4vention und Lebenskunst in S\u00fcdfrankreich<\/p>\n<\/div><div class=\"fusion-text fusion-text-8 provence\" style=\"line-height:22px;font-family:&quot;Lato&quot;;font-weight:400;\"><p style=\"text-align: center;\">Irgendwie habe ich das Gef\u00fchl, ich laufe und laufe nur und bin trotzdem leer. Warum tue ich das \u00fcberhaupt? Und was kann ich anders machen, damit es nicht mehr so ist?<\/p>\n<p style=\"text-align: center;\">Gefangen im Hamsterrad des Alltags f\u00e4llt es uns oft schwer, zu erkennen, warum wir reagieren wie wir reagieren. Warum bin ich so gestresst? Warum tue ich mir das alles an? Was sind eigentlich Dinge, die mich stressen? Was kann ich tun, um nicht immer in die gleichen Fallen zu treten und wie kann ich mir Inseln bauen, die mir helfen, mich zu regenerieren.<\/p>\n<p style=\"text-align: center;\">In der wunderbaren Umgebung des Luberon in S\u00fcdfrankeich arbeiten wir an den wichtigen Fragen rund um das Thema Stress. Gleichzeitig nutzen wir das Seminar, um runter zu kommen und wieder zu lernen, das Leben zu genie\u00dfen.<\/p>\n<p style=\"text-align: center;\">Gutes Essen mit Produkten aus der Region, ein Ausflug zu einem der zahlreichen Weing\u00fcter oder eine Wanderung durch bl\u00fchende Lavendelfelder sind einige M\u00f6glichkeiten, die sich bestens daf\u00fcr eignen, einmal zu erleben, was passiert, wenn man nicht immer online ist.<\/p>\n<\/div><div class=\"fusion-text fusion-text-9 fusion-text-no-margin\" style=\"font-family:&quot;Lato&quot;;font-weight:700;margin-top:15px;margin-bottom:15px;\"><p style=\"text-align: center;\">Termine auf Anfrage<br \/>\n\u00dcbernachtungen: 4 N\u00e4chte<br \/>\nPreis: ab 1.200 \u20ac (ohne Flug)\/p><\/p>\n<\/div><div class=\"fusion-text fusion-text-10 fusion-text-no-margin buttonbali\" style=\"font-family:&quot;Lato&quot;;font-weight:700;margin-top:15px;margin-bottom:15px;\"><div class=\"fusion-aligncenter\"><style>.fusion-button.button-2{border-radius:4px 4px 4px 4px;font-family:\"Lato\";font-weight:700;}.fusion-button.button-2 .fusion-button-text{text-transform:uppercase;}<\/style><a class=\"fusion-button button-flat button-medium button-default button-2 fusion-button-default-span \" target=\"_blank\" rel=\"noopener noreferrer\" href=\"http:\/\/stress-und-dann.de\/kontakt\/\"><span class=\"fusion-button-text\">Reisekonditionen anfordern<\/span><\/a><\/div>\n<\/div><\/div><style type=\"text\/css\">.fusion-body .fusion-builder-column-1{width:33.333333333333% !important;margin-top : 80px;margin-bottom : 80px;}.fusion-builder-column-1 > .fusion-column-wrapper {padding-top : 0px !important;padding-right : 0px !important;margin-right : 5.76%;padding-bottom : 0px !important;padding-left : 0px !important;margin-left : 5.76%;}@media only screen and (max-width:768px) {.fusion-body .fusion-builder-column-1{width:33.333333333333% !important;order : 0;}.fusion-builder-column-1 > .fusion-column-wrapper {margin-right : 5.76%;margin-left : 5.76%;}}@media only screen and (max-width:640px) {.fusion-body .fusion-builder-column-1{width:100% !important;order : 0;margin-top : 40px;margin-bottom : 20px;}.fusion-builder-column-1 > .fusion-column-wrapper {margin-right : 1.92%;margin-left : 1.92%;}}<\/style><\/div><div class=\"fusion-layout-column fusion_builder_column fusion-builder-column-2 fusion_builder_column_1_3 1_3 fusion-flex-column seminarkasten\"><div class=\"fusion-column-wrapper fusion-flex-justify-content-flex-start fusion-content-layout-column\" style=\"background-position:center top;background-repeat:no-repeat;-webkit-background-size:cover;-moz-background-size:cover;-o-background-size:cover;background-size:cover;border-width: 1px 1px 1px 1px;border-color:#bbbbbb;border-style:solid;padding: 0px 0px 0px 0px;\"><div class=\"fusion-text fusion-text-11\" style=\"text-align:center;font-size:30px;line-height:30px;font-family:&quot;Lato&quot;;font-weight:300;\"><p><img decoding=\"async\" class=\"lazyload aligncenter size-full wp-image-894\" src=\"https:\/\/www.coaching-lourmarin.com\/wp-content\/uploads\/2022\/02\/malle_sr-1.png\" data-orig-src=\"https:\/\/www.coaching-lourmarin.com\/wp-content\/uploads\/2022\/02\/malle_sr-1.png\" alt=\"Coaching auf Mallorca\" width=\"284\" height=\"77\" srcset=\"data:image\/svg+xml,%3Csvg%20xmlns%3D%27http%3A%2F%2Fwww.w3.org%2F2000%2Fsvg%27%20width%3D%27284%27%20height%3D%2777%27%20viewBox%3D%270%200%20284%2077%27%3E%3Crect%20width%3D%27284%27%20height%3D%2777%27%20fill-opacity%3D%220%22%2F%3E%3C%2Fsvg%3E\" data-srcset=\"https:\/\/www.coaching-lourmarin.com\/wp-content\/uploads\/2022\/02\/malle_sr-1-200x54.png 200w, https:\/\/www.coaching-lourmarin.com\/wp-content\/uploads\/2022\/02\/malle_sr-1.png 284w\" data-sizes=\"auto\" data-orig-sizes=\"(max-width: 284px) 100vw, 284px\" \/><\/p>\n<\/div><div class=\"fusion-text fusion-text-12\" style=\"font-size:18px;line-height:24px;font-family:&quot;Lato&quot;;font-weight:700;\"><p style=\"text-align: center;\">Was will ich eigentlich und warum bekomme ich es nicht? \u2013 Ein Seminar f\u00fcr Singles auf Mallorca<\/p>\n<\/div><div class=\"fusion-text fusion-text-13 mallorca\" style=\"line-height:22px;font-family:&quot;Lato&quot;;font-weight:400;\"><p style=\"text-align: center;\">Was will ich eigentlich? Was suche ich? Wen suche ich? Und vor allem: Warum finde ich nicht den Partner, den ich gerne h\u00e4tte?<\/p>\n<p style=\"text-align: center;\">Um Antworten auf diese Fragen zu bekommen, hilft es, sich \u00fcber Selbst- und Fremdbild klar zu werden. Inmitten der t\u00e4glichen F\u00fclle an Aufgaben und Terminen ist das aber oft gar nicht so einfach. Wer hat schon die Ruhe, um einmal einen Schritt zur\u00fcckzutreten und sich dar\u00fcber Gedanken zu machen, was er wirklich will? Und zu verstehen, warum es so schwer ist, es zu bekommen.<\/p>\n<p style=\"text-align: center;\">Im Seminar arbeiten wir an Ihren Zielen und W\u00fcnschen sowie an alten Beziehungsmustern, mit denen Sie sich vielleicht unbewusst im Wege stehen. Zus\u00e4tzlich haben Sie die M\u00f6glichkeit andere Singles in einer \u00e4hnlichen Situation zu treffen.<\/p>\n<\/div><div class=\"fusion-text fusion-text-14 fusion-text-no-margin\" style=\"font-family:&quot;Lato&quot;;font-weight:700;margin-top:15px;margin-bottom:15px;\"><p style=\"text-align: center;\">Termine auf Anfrage<br \/>\n\u00dcbernachtungen: 5 N\u00e4chte<br \/>\nPreis: ab 1.200 \u20ac (ohne Flug)<\/p>\n<\/div><div class=\"fusion-text fusion-text-15 fusion-text-no-margin buttonbali\" style=\"font-family:&quot;Lato&quot;;font-weight:700;margin-top:15px;margin-bottom:15px;\"><div class=\"fusion-aligncenter\"><style>.fusion-button.button-3{border-radius:4px 4px 4px 4px;font-family:\"Lato\";font-weight:700;}.fusion-button.button-3 .fusion-button-text{text-transform:uppercase;}<\/style><a class=\"fusion-button button-flat button-medium button-default button-3 fusion-button-default-span \" target=\"_blank\" rel=\"noopener noreferrer\" href=\"http:\/\/stress-und-dann.de\/kontakt\/\"><span class=\"fusion-button-text\">Reisekonditionen anfordern<\/span><\/a><\/div>\n<\/div><\/div><style type=\"text\/css\">.fusion-body .fusion-builder-column-2{width:33.333333333333% !important;margin-top : 80px;margin-bottom : 80px;}.fusion-builder-column-2 > .fusion-column-wrapper {padding-top : 0px !important;padding-right : 0px !important;margin-right : 5.76%;padding-bottom : 0px !important;padding-left : 0px !important;margin-left : 5.76%;}@media only screen and (max-width:768px) {.fusion-body .fusion-builder-column-2{width:33.333333333333% !important;order : 0;}.fusion-builder-column-2 > .fusion-column-wrapper {margin-right : 5.76%;margin-left : 5.76%;}}@media only screen and (max-width:640px) {.fusion-body .fusion-builder-column-2{width:100% !important;order : 0;margin-top : 40px;margin-bottom : 20px;}.fusion-builder-column-2 > .fusion-column-wrapper {margin-right : 1.92%;margin-left : 1.92%;}}<\/style><\/div><\/div><style type=\"text\/css\">.fusion-body .fusion-flex-container.fusion-builder-row-1{ padding-top : 0px;margin-top : 0px;padding-right : 0px;padding-bottom : 0px;margin-bottom : 0px;padding-left : 0px;}<\/style><\/div><div class=\"fusion-fullwidth fullwidth-box fusion-builder-row-2 fusion-flex-container hundred-percent-fullwidth non-hundred-percent-height-scrolling\" style=\"background-color: #d1cec7;background-position: center center;background-repeat: no-repeat;border-width: 0px 0px 0px 0px;border-color:#e2e2e2;border-style:solid;\" ><div class=\"fusion-builder-row fusion-row fusion-flex-align-items-center fusion-flex-justify-content-center\" style=\"width:104% !important;max-width:104% !important;margin-left: calc(-4% \/ 2 );margin-right: calc(-4% \/ 2 );\"><div class=\"fusion-layout-column fusion_builder_column fusion-builder-column-3 fusion_builder_column_5_6 5_6 fusion-flex-column fusion-flex-align-self-center\"><div class=\"fusion-column-wrapper fusion-flex-justify-content-center fusion-content-layout-column\" style=\"background-position:left top;background-repeat:no-repeat;-webkit-background-size:cover;-moz-background-size:cover;-o-background-size:cover;background-size:cover;padding: 0px 0px 0px 0px;\"><div class=\"fusion-text fusion-text-16\" style=\"text-align:center;font-size:20px;line-height:26px;font-family:&quot;Lato&quot;;font-weight:300;\"><p style=\"text-align: center;\">Sie haben Interesse an unseren Seminarreisen oder m\u00f6chten noch mehr Informationen haben? Schreiben Sie uns eine E-Mail oder rufen Sie uns unverbindlich unter + (49) 179 534 09 34 an.<br \/>\nWir freuen uns auf Sie.<\/p>\n<\/div><\/div><style type=\"text\/css\">.fusion-body .fusion-builder-column-3{width:83.333333333333% !important;margin-top : 50px;margin-bottom : 30px;}.fusion-builder-column-3 > .fusion-column-wrapper {padding-top : 0px !important;padding-right : 0px !important;margin-right : 2.304%;padding-bottom : 0px !important;padding-left : 0px !important;margin-left : 2.304%;}@media only screen and (max-width:768px) {.fusion-body .fusion-builder-column-3{width:83.333333333333% !important;order : 0;}.fusion-builder-column-3 > .fusion-column-wrapper {margin-right : 2.304%;margin-left : 2.304%;}}@media only screen and (max-width:640px) {.fusion-body .fusion-builder-column-3{width:100% !important;order : 0;}.fusion-builder-column-3 > .fusion-column-wrapper {margin-right : 1.92%;margin-left : 1.92%;}}<\/style><\/div><\/div><style type=\"text\/css\">.fusion-body .fusion-flex-container.fusion-builder-row-2{ padding-top : 0px;margin-top : 0px;padding-right : 0px;padding-bottom : 0px;margin-bottom : 0px;padding-left : 0px;}<\/style><\/div><\/p>\n","protected":false},"excerpt":{"rendered":"","protected":false},"author":1,"featured_media":0,"parent":0,"menu_order":0,"comment_status":"closed","ping_status":"closed","template":"100-width.php","meta":{"footnotes":""},"class_list":["post-884","page","type-page","status-publish","hentry"],"_links":{"self":[{"href":"https:\/\/www.coaching-lourmarin.com\/de\/wp-json\/wp\/v2\/pages\/884","targetHints":{"allow":["GET"]}}],"collection":[{"href":"https:\/\/www.coaching-lourmarin.com\/de\/wp-json\/wp\/v2\/pages"}],"about":[{"href":"https:\/\/www.coaching-lourmarin.com\/de\/wp-json\/wp\/v2\/types\/page"}],"author":[{"embeddable":true,"href":"https:\/\/www.coaching-lourmarin.com\/de\/wp-json\/wp\/v2\/users\/1"}],"replies":[{"embeddable":true,"href":"https:\/\/www.coaching-lourmarin.com\/de\/wp-json\/wp\/v2\/comments?post=884"}],"version-history":[{"count":10,"href":"https:\/\/www.coaching-lourmarin.com\/de\/wp-json\/wp\/v2\/pages\/884\/revisions"}],"predecessor-version":[{"id":1092,"href":"https:\/\/www.coaching-lourmarin.com\/de\/wp-json\/wp\/v2\/pages\/884\/revisions\/1092"}],"wp:attachment":[{"href":"https:\/\/www.coaching-lourmarin.com\/de\/wp-json\/wp\/v2\/media?parent=884"}],"curies":[{"name":"wp","href":"https:\/\/api.w.org\/{rel}","templated":true}]}}